{"id":1509,"date":"2020-11-07T14:56:42","date_gmt":"2020-11-07T13:56:42","guid":{"rendered":"http:\/\/test.buyhomeincalifornia.com\/home\/"},"modified":"2021-05-10T08:33:35","modified_gmt":"2021-05-10T12:33:35","slug":"home","status":"publish","type":"page","link":"https:\/\/foraxpert.com\/es\/","title":{"rendered":"Home"},"content":{"rendered":"<h2>LA PRODUCCI\u00d3N DEBE CONTINUAR<\/h2>\n<div>Encuentre la pieza para la perforaci\u00f3n que necesita y rec\u00edbala r\u00e1pidamente\n<\/div>\n<div>M\u00e1s de 6000 piezas para la perforaci\u00f3n<br \/>\nTenemos lo que usted busca!<\/div>\n<h2>NUESTRAS PIEZAS DE PERFORACI\u00d3N DE ROCAS<br \/>\n<\/h2>\n<hr>\n<div>\n<p>        <a href=\"\/es\/productos\/fraxpert\/\"><img decoding=\"async\" data-src=\"\/wp-content\/uploads\/2020\/11\/atlascopco-off-c327e5704433938a7c8573d102075f73.jpg\" alt=\"\" src=\"data:image\/svg+xml;base64,PHN2ZyB3aWR0aD0iMSIgaGVpZ2h0PSIxIiB4bWxucz0iaHR0cDovL3d3dy53My5vcmcvMjAwMC9zdmciPjwvc3ZnPg==\" class=\"lazyload\" style=\"--smush-placeholder-width: 240px; --smush-placeholder-aspect-ratio: 240\/316;\"><\/a><\/p>\n<p>        <img decoding=\"async\" data-src=\"\/wp-content\/uploads\/2020\/11\/atlascopco-on-abdfd9af0cad6be7e721435f7f0b5e60.jpg\" alt=\"\" src=\"data:image\/svg+xml;base64,PHN2ZyB3aWR0aD0iMSIgaGVpZ2h0PSIxIiB4bWxucz0iaHR0cDovL3d3dy53My5vcmcvMjAwMC9zdmciPjwvc3ZnPg==\" class=\"lazyload\" style=\"--smush-placeholder-width: 240px; --smush-placeholder-aspect-ratio: 240\/316;\"><\/p>\n<h3>FORAXPERT<\/h3>\n<p> PIEZAS DE TALADRO<\/p>\n<\/div>\n<div>\n<p>        <a href=\"\/es\/productos\/tamrock-sandvik\/\"><img decoding=\"async\" data-src=\"\/wp-content\/uploads\/2020\/11\/tamrock-sandvik-off-0d7cb177b4491e9658c6a7d3f9f13fcd.jpg\" alt=\"\" src=\"data:image\/svg+xml;base64,PHN2ZyB3aWR0aD0iMSIgaGVpZ2h0PSIxIiB4bWxucz0iaHR0cDovL3d3dy53My5vcmcvMjAwMC9zdmciPjwvc3ZnPg==\" class=\"lazyload\" style=\"--smush-placeholder-width: 240px; --smush-placeholder-aspect-ratio: 240\/316;\"><\/a><\/p>\n<p>        <img decoding=\"async\" data-src=\"\/wp-content\/uploads\/2020\/11\/tamrock-sandvik-on-25afa0d97705ccf71c3aa14a49cbbd76.jpg\" alt=\"\" src=\"data:image\/svg+xml;base64,PHN2ZyB3aWR0aD0iMSIgaGVpZ2h0PSIxIiB4bWxucz0iaHR0cDovL3d3dy53My5vcmcvMjAwMC9zdmciPjwvc3ZnPg==\" class=\"lazyload\" style=\"--smush-placeholder-width: 240px; --smush-placeholder-aspect-ratio: 240\/316;\"><\/p>\n<h3>SANDVICK<\/h3>\n<p> PIEZAS DE TALADRO<\/p>\n<\/div>\n<div>\n<p>        <a href=\"\/es\/productos\/furukawa\/\"><img decoding=\"async\" data-src=\"\/wp-content\/uploads\/2020\/11\/furukawa-off-be8629b45207aba48f6cdb739a95c91c.jpg\" alt=\"\" src=\"data:image\/svg+xml;base64,PHN2ZyB3aWR0aD0iMSIgaGVpZ2h0PSIxIiB4bWxucz0iaHR0cDovL3d3dy53My5vcmcvMjAwMC9zdmciPjwvc3ZnPg==\" class=\"lazyload\" style=\"--smush-placeholder-width: 240px; --smush-placeholder-aspect-ratio: 240\/316;\"><\/a><\/p>\n<p>        <img decoding=\"async\" data-src=\"\/wp-content\/uploads\/2020\/11\/furukawa-on-79c3d9fe58d514d74bde41dc253f5669.jpg\" alt=\"\" src=\"data:image\/svg+xml;base64,PHN2ZyB3aWR0aD0iMSIgaGVpZ2h0PSIxIiB4bWxucz0iaHR0cDovL3d3dy53My5vcmcvMjAwMC9zdmciPjwvc3ZnPg==\" class=\"lazyload\" style=\"--smush-placeholder-width: 240px; --smush-placeholder-aspect-ratio: 240\/316;\"><\/p>\n<h3>FURUKAWA<\/h3>\n<p> PIEZAS DE TALADRO<\/p>\n<\/div>\n<div>\n<p>        <a href=\"\/es\/productos\/otra\/\"><img decoding=\"async\" data-src=\"\/wp-content\/uploads\/2020\/11\/best-seller-off-498192ad18f508505466058a1b20f26e.jpg\" alt=\"\" src=\"data:image\/svg+xml;base64,PHN2ZyB3aWR0aD0iMSIgaGVpZ2h0PSIxIiB4bWxucz0iaHR0cDovL3d3dy53My5vcmcvMjAwMC9zdmciPjwvc3ZnPg==\" class=\"lazyload\" style=\"--smush-placeholder-width: 240px; --smush-placeholder-aspect-ratio: 240\/316;\"><\/a><\/p>\n<p>        <img decoding=\"async\" data-src=\"\/wp-content\/uploads\/2020\/11\/best-seller-on-c4268547fd343f2063e82802302a3aaa.jpg\" alt=\"\" src=\"data:image\/svg+xml;base64,PHN2ZyB3aWR0aD0iMSIgaGVpZ2h0PSIxIiB4bWxucz0iaHR0cDovL3d3dy53My5vcmcvMjAwMC9zdmciPjwvc3ZnPg==\" class=\"lazyload\" style=\"--smush-placeholder-width: 240px; --smush-placeholder-aspect-ratio: 240\/316;\"><\/p>\n<h3>OTRAS<\/h3>\n<p> PIEZAS DE TALADRO<\/p>\n<\/div>\n<div>Descargue nuestro listado completo de piezas en formato PDF<\/div>\n<p>\n    <a href=\"\/wp-content\/uploads\/2021\/01\/Foraxpert-ListePieces-20210107.pdf\">FORAXPERT  CATALOGAR<\/a>\n<\/p>\n<h2>POR QU\u00c9 ELEGIR FORAXPERT<br \/>\n<\/h2>\n<hr>\n<div>\n<p style=\"color: #adadad;\">En Foraxpert encontrar\u00e1 pr\u00e1cticamente todo lo necesario para el buen funcionamiento de sus equipos de perforaci\u00f3n. Desde correas para mangueras hidr\u00e1ulicas hasta piezas de alta precisi\u00f3n para el martillo hidr\u00e1ulico, pasando por recambios para las tracciones, filtros para colectores de polvo, diafragmas y recambios de uretano.<\/p>\n<p style=\"color: #adadad;\">Con m\u00e1s de 10 a\u00f1os de experiencia, disponemos de una lista de proveedores que nos permite acceder f\u00e1cil y r\u00e1pidamente a la mayor\u00eda de las piezas que necesita para su <span style=\"color:white;\">equipo de perforaci\u00f3n.<\/span><\/p>\n<p style=\"color: #adadad;\">No tiene que resignarse a pagar el precio de las piezas originales, porque en Foraxpert encontrar\u00e1 recambios de buena calidad a una fracci\u00f3n de su precio.<\/p>\n<p style=\"color: #adadad;\">Consiga las piezas que necesita m\u00e1s r\u00e1pido, m\u00e1s barato.<\/p>\n<p>Ahorre tiempo. <br \/><span style=\"color: #a02323; font-size: 18px;\">AHORRE DINERO.<\/span><\/p>\n<\/div>\n<h2>NUEVOS PIEZAS ROCKDRILL Y MATERIAL DE SEGUNDA MANO<\/h2>\n<hr>\n<div>Nuevos Piezas<\/div>\n<p><a href=\"\/es\/productos\/\"><img decoding=\"async\" data-src=\"\/wp-content\/uploads\/2020\/11\/new-off.jpg\" alt=\"\" src=\"data:image\/svg+xml;base64,PHN2ZyB3aWR0aD0iMSIgaGVpZ2h0PSIxIiB4bWxucz0iaHR0cDovL3d3dy53My5vcmcvMjAwMC9zdmciPjwvc3ZnPg==\" class=\"lazyload\" style=\"--smush-placeholder-width: 250px; --smush-placeholder-aspect-ratio: 250\/250;\"><\/a><\/p>\n<div>Material de segunda mano\n<\/div>\n<p><a href=\"\/es\/equipo-usado\/\"><img decoding=\"async\" data-src=\"\/wp-content\/uploads\/2020\/11\/used-off.jpg\" alt=\"\" src=\"data:image\/svg+xml;base64,PHN2ZyB3aWR0aD0iMSIgaGVpZ2h0PSIxIiB4bWxucz0iaHR0cDovL3d3dy53My5vcmcvMjAwMC9zdmciPjwvc3ZnPg==\" class=\"lazyload\" style=\"--smush-placeholder-width: 250px; --smush-placeholder-aspect-ratio: 250\/250;\"><\/a><\/p>\n<p><!--more--><br \/>\n<!-- {\"type\":\"layout\",\"children\":[{\"type\":\"section\",\"props\":{\"style\":\"default\",\"width\":\"default\",\"vertical_align\":\"middle\",\"title_position\":\"top-left\",\"title_rotation\":\"left\",\"title_breakpoint\":\"xl\",\"image_position\":\"center-center\",\"image\":\"wp-content\\\/uploads\\\/2020\\\/11\\\/foraxpert-006.jpg\",\"image_size\":\"cover\"},\"children\":[{\"type\":\"row\",\"children\":[{\"type\":\"column\",\"props\":{\"image_position\":\"center-center\",\"media_overlay_gradient\":\"\"},\"children\":[{\"type\":\"headline\",\"props\":{\"title_element\":\"h2\",\"text_align\":\"center\",\"content\":\"LA PRODUCCI\\u00d3N DEBE CONTINUAR\",\"title_color\":\"muted\",\"margin_remove_bottom\":true,\"css\":\".el-element{\\n letter-spacing: 0px;\\n font-size: 27px;\\n font-weight: 700;\\n}\"}},{\"type\":\"text\",\"props\":{\"margin\":\"default\",\"column_breakpoint\":\"m\",\"content\":\"Encuentre la pieza para la perforaci\\u00f3n que necesita y rec\\u00edbala r\\u00e1pidamente\\n\",\"text_align\":\"center\",\"margin_remove_top\":true}},{\"type\":\"search\",\"props\":{\"search_style\":\"\",\"search_icon\":\"right\",\"search_size\":\"large\",\"maxwidth\":\"large\",\"block_align\":\"center\"},\"modified\":\"2021-05-10T11:45:14.853Z\",\"name\":\"Search\"},{\"type\":\"text\",\"props\":{\"margin\":\"default\",\"column_breakpoint\":\"m\",\"content\":\"M\\u00e1s de 6000 piezas para la perforaci\\u00f3n<br\\\/>\\nTenemos lo que usted busca!\",\"text_align\":\"center\"}}]}]}]},{\"type\":\"section\",\"props\":{\"style\":\"default\",\"width\":\"default\",\"vertical_align\":\"middle\",\"title_position\":\"top-left\",\"title_rotation\":\"left\",\"title_breakpoint\":\"xl\",\"image_position\":\"center-center\",\"image\":\"wp-content\\\/uploads\\\/2020\\\/11\\\/foraxpert_cat_bg.jpg\",\"image_size\":\"cover\",\"padding_remove_bottom\":false,\"padding\":\"small\"},\"children\":[{\"type\":\"row\",\"children\":[{\"type\":\"column\",\"props\":{\"image_position\":\"center-center\",\"media_overlay_gradient\":\"\"},\"children\":[{\"type\":\"headline\",\"props\":{\"title_element\":\"h2\",\"text_align\":\"center\",\"content\":\"NUESTRAS PIEZAS DE PERFORACI\\u00d3N DE ROCAS\\n\",\"title_color\":\"muted\",\"margin_remove_bottom\":false,\"title_style\":\"h2\",\"css\":\".el-element{\\n letter-spacing: 0px;\\n font-size: 27px;\\n font-weight: 700;\\n}\"}},{\"type\":\"divider\",\"props\":{\"divider_element\":\"hr\",\"divider_style\":\"small\",\"divider_align\":\"center\",\"css\":\".el-element:after{\\n  border: 2px solid #A02323;\\n}\",\"margin_remove_top\":true,\"margin_remove_bottom\":true}}]}]},{\"type\":\"row\",\"props\":{\"layout\":\"1-4,1-4,1-4,1-4|1-2,1-2,1-2,1-2\",\"column_gap\":\"collapse\",\"margin_remove_bottom\":false,\"width\":\"small\"},\"children\":[{\"type\":\"column\",\"props\":{\"image_position\":\"center-center\",\"media_overlay_gradient\":\"\",\"width_medium\":\"1-4\",\"width_small\":\"1-2\"},\"children\":[{\"type\":\"overlay\",\"props\":{\"link_text\":\"\",\"overlay_mode\":\"cover\",\"overlay_hover\":true,\"overlay_style\":\"overlay-primary\",\"text_color\":\"light\",\"overlay_position\":\"center\",\"overlay_transition\":\"fade\",\"title_hover_style\":\"reset\",\"title_element\":\"h3\",\"meta_style\":\"meta\",\"meta_align\":\"below-title\",\"meta_element\":\"div\",\"link_style\":\"default\",\"text_align\":\"center\",\"margin\":\"default\",\"image\":\"wp-content\\\/uploads\\\/2020\\\/11\\\/atlascopco-off-c327e5704433938a7c8573d102075f73.jpg\",\"hover_image\":\"wp-content\\\/uploads\\\/2020\\\/11\\\/atlascopco-on-abdfd9af0cad6be7e721435f7f0b5e60.jpg\",\"title\":\"FORAXPERT\",\"link\":\"es\\\/productos\\\/fraxpert\\\/\",\"overlay_transition_background\":true,\"title_style\":\"h3\",\"overlay_link\":true,\"css\":\".el-title{\\n  font-size: 21px; \\n}\",\"id\":\"cat-foraxpert1\",\"meta\":\" PIEZAS DE TALADRO\",\"meta_margin\":\"remove\",\"meta_color\":\"emphasis\"}}]},{\"type\":\"column\",\"props\":{\"image_position\":\"center-center\",\"media_overlay_gradient\":\"\",\"width_medium\":\"1-4\",\"width_small\":\"1-2\"},\"children\":[{\"type\":\"overlay\",\"props\":{\"link_text\":\"\",\"overlay_mode\":\"cover\",\"overlay_hover\":true,\"overlay_style\":\"overlay-primary\",\"text_color\":\"light\",\"overlay_position\":\"center\",\"overlay_transition\":\"fade\",\"title_hover_style\":\"reset\",\"title_element\":\"h3\",\"meta_style\":\"meta\",\"meta_align\":\"below-title\",\"meta_element\":\"div\",\"link_style\":\"default\",\"text_align\":\"center\",\"margin\":\"default\",\"image\":\"wp-content\\\/uploads\\\/2020\\\/11\\\/tamrock-sandvik-off-0d7cb177b4491e9658c6a7d3f9f13fcd.jpg\",\"hover_image\":\"wp-content\\\/uploads\\\/2020\\\/11\\\/tamrock-sandvik-on-25afa0d97705ccf71c3aa14a49cbbd76.jpg\",\"title\":\"SANDVICK\",\"link\":\"es\\\/productos\\\/tamrock-sandvik\\\/\",\"overlay_transition_background\":true,\"title_style\":\"h3\",\"overlay_link\":true,\"css\":\".el-title{\\n  font-size: 21px;\\n}\",\"id\":\"ct-tamrock\",\"meta\":\" PIEZAS DE TALADRO\",\"meta_color\":\"emphasis\",\"meta_margin\":\"remove\"}}]},{\"type\":\"column\",\"props\":{\"image_position\":\"center-center\",\"media_overlay_gradient\":\"\",\"width_medium\":\"1-4\",\"width_small\":\"1-2\"},\"children\":[{\"type\":\"overlay\",\"props\":{\"link_text\":\"\",\"overlay_mode\":\"cover\",\"overlay_hover\":true,\"overlay_style\":\"overlay-primary\",\"text_color\":\"light\",\"overlay_position\":\"center\",\"overlay_transition\":\"fade\",\"title_hover_style\":\"reset\",\"title_element\":\"h3\",\"meta_style\":\"meta\",\"meta_align\":\"below-title\",\"meta_element\":\"div\",\"link_style\":\"default\",\"text_align\":\"center\",\"margin\":\"default\",\"image\":\"wp-content\\\/uploads\\\/2020\\\/11\\\/furukawa-off-be8629b45207aba48f6cdb739a95c91c.jpg\",\"hover_image\":\"wp-content\\\/uploads\\\/2020\\\/11\\\/furukawa-on-79c3d9fe58d514d74bde41dc253f5669.jpg\",\"title\":\"FURUKAWA\",\"link\":\"es\\\/productos\\\/furukawa\\\/\",\"overlay_transition_background\":true,\"title_style\":\"h3\",\"overlay_link\":true,\"css\":\".el-title{\\n  font-size: 21px;\\n}\",\"id\":\"ct-furukawa\",\"meta\":\" PIEZAS DE TALADRO\",\"meta_color\":\"emphasis\",\"meta_margin\":\"remove\"}}]},{\"type\":\"column\",\"props\":{\"image_position\":\"center-center\",\"media_overlay_gradient\":\"\",\"width_medium\":\"1-4\",\"width_small\":\"1-2\"},\"children\":[{\"type\":\"overlay\",\"props\":{\"link_text\":\"\",\"overlay_mode\":\"cover\",\"overlay_hover\":true,\"overlay_style\":\"overlay-primary\",\"text_color\":\"light\",\"overlay_position\":\"center\",\"overlay_transition\":\"fade\",\"title_hover_style\":\"reset\",\"title_element\":\"h3\",\"meta_style\":\"meta\",\"meta_align\":\"below-title\",\"meta_element\":\"div\",\"link_style\":\"default\",\"text_align\":\"center\",\"margin\":\"default\",\"image\":\"wp-content\\\/uploads\\\/2020\\\/11\\\/best-seller-off-498192ad18f508505466058a1b20f26e.jpg\",\"hover_image\":\"wp-content\\\/uploads\\\/2020\\\/11\\\/best-seller-on-c4268547fd343f2063e82802302a3aaa.jpg\",\"title\":\"OTRAS\",\"link\":\"es\\\/productos\\\/otra\\\/\",\"overlay_transition_background\":true,\"title_style\":\"h3\",\"overlay_link\":true,\"css\":\".el-title{\\n  font-size: 21px;\\n}\",\"id\":\"ct-other\",\"meta\":\" PIEZAS DE TALADRO\",\"meta_color\":\"emphasis\",\"meta_margin\":\"remove\"}}]}]},{\"type\":\"row\",\"props\":{\"width\":\"xsmall\"},\"children\":[{\"type\":\"column\",\"props\":{\"image_position\":\"center-center\",\"media_overlay_gradient\":\"\"},\"children\":[{\"type\":\"text\",\"props\":{\"margin\":\"default\",\"column_breakpoint\":\"m\",\"content\":\"Descargue nuestro listado completo de piezas en formato PDF\",\"text_align\":\"center\"}},{\"type\":\"button\",\"props\":{\"grid_column_gap\":\"small\",\"grid_row_gap\":\"small\",\"margin\":\"default\",\"text_align\":\"center\"},\"children\":[{\"type\":\"button_item\",\"props\":{\"button_style\":\"secondary\",\"icon_align\":\"left\",\"content\":\"FORAXPERT  CATALOGAR\",\"link\":\"wp-content\\\/uploads\\\/2021\\\/01\\\/Foraxpert-ListePieces-20210107.pdf\",\"icon\":\"file-pdf\",\"link_target\":\"blank\"}}]}]}]}]},{\"type\":\"section\",\"props\":{\"style\":\"default\",\"width\":\"default\",\"vertical_align\":\"middle\",\"title_position\":\"top-left\",\"title_rotation\":\"left\",\"title_breakpoint\":\"xl\",\"image_position\":\"center-center\",\"image\":\"wp-content\\\/uploads\\\/2020\\\/11\\\/foraxpert_bg_concrete.jpg\",\"image_size\":\"cover\"},\"children\":[{\"type\":\"row\",\"children\":[{\"type\":\"column\",\"props\":{\"image_position\":\"center-center\",\"media_overlay_gradient\":\"\"},\"children\":[{\"type\":\"headline\",\"props\":{\"title_element\":\"h2\",\"text_align\":\"center\",\"content\":\"POR QU\\u00c9 ELEGIR FORAXPERT\\n\",\"title_color\":\"muted\",\"margin_remove_bottom\":false,\"title_style\":\"h2\",\"css\":\".el-element{\\n letter-spacing: 0px;\\n font-size: 27px;\\n font-weight: 700;\\n}\"}},{\"type\":\"divider\",\"props\":{\"divider_element\":\"hr\",\"divider_style\":\"small\",\"divider_align\":\"center\",\"css\":\".el-element:after{\\n  border: 2px solid #A02323;\\n}\",\"margin_remove_top\":true,\"margin_remove_bottom\":true}},{\"type\":\"text\",\"props\":{\"margin\":\"default\",\"column_breakpoint\":\"m\",\"content\":\"\n\n<p style=\\\"color: #adadad;\\\">En Foraxpert encontrar\\u00e1 pr\\u00e1cticamente todo lo necesario para el buen funcionamiento de sus equipos de perforaci\\u00f3n. Desde correas para mangueras hidr\\u00e1ulicas hasta piezas de alta precisi\\u00f3n para el martillo hidr\\u00e1ulico, pasando por recambios para las tracciones, filtros para colectores de polvo, diafragmas y recambios de uretano.<\\\/p>\\n\n\n<p style=\\\"color: #adadad;\\\">Con m\\u00e1s de 10 a\\u00f1os de experiencia, disponemos de una lista de proveedores que nos permite acceder f\\u00e1cil y r\\u00e1pidamente a la mayor\\u00eda de las piezas que necesita para su <span style=\\\"color:white;\\\">equipo de perforaci\\u00f3n.<\\\/span><\\\/p>\\n\n\n<p style=\\\"color: #adadad;\\\">No tiene que resignarse a pagar el precio de las piezas originales, porque en Foraxpert encontrar\\u00e1 recambios de buena calidad a una fracci\\u00f3n de su precio.<\\\/p>\\n\n\n<p style=\\\"color: #adadad;\\\">Consiga las piezas que necesita m\\u00e1s r\\u00e1pido, m\\u00e1s barato.<\\\/p>\\n\n\n<p>Ahorre tiempo. <br \\\/><span style=\\\"color: #a02323; font-size: 18px;\\\">AHORRE DINERO.<\\\/span><\\\/p>\",\"text_align\":\"center\"}}]}]}]},{\"type\":\"section\",\"props\":{\"style\":\"default\",\"width\":\"default\",\"vertical_align\":\"middle\",\"title_position\":\"top-left\",\"title_rotation\":\"left\",\"title_breakpoint\":\"xl\",\"image_position\":\"center-center\",\"css\":\".el-section{\\n  background: #8b1e1e;\\n}\"},\"children\":[{\"type\":\"row\",\"children\":[{\"type\":\"column\",\"props\":{\"image_position\":\"center-center\",\"media_overlay_gradient\":\"\"},\"children\":[{\"type\":\"headline\",\"props\":{\"title_element\":\"h2\",\"text_align\":\"center\",\"content\":\"NUEVOS PIEZAS ROCKDRILL Y MATERIAL DE SEGUNDA MANO\",\"margin_remove_bottom\":false,\"title_style\":\"h2\",\"css\":\".el-element{\\n letter-spacing: 0px;\\n font-size: 27px;\\n font-weight: 700;\\n color: #0f0f0f;\\n}\"}},{\"type\":\"divider\",\"props\":{\"divider_element\":\"hr\",\"divider_style\":\"small\",\"divider_align\":\"center\",\"css\":\".el-element:after{\\n  border: 2px solid #0f0f0f;\\n}\",\"margin_remove_top\":true,\"margin_remove_bottom\":true}}]}]},{\"type\":\"row\",\"props\":{\"layout\":\"1-4,1-4,1-4,1-4|1-2,1-2,1-2,1-2\"},\"children\":[{\"type\":\"column\",\"props\":{\"image_position\":\"center-center\",\"media_overlay_gradient\":\"\",\"width_medium\":\"1-4\",\"width_small\":\"1-2\"},\"children\":[]},{\"type\":\"column\",\"props\":{\"image_position\":\"center-center\",\"media_overlay_gradient\":\"\",\"width_medium\":\"1-4\",\"width_small\":\"1-2\"},\"children\":[{\"type\":\"text\",\"props\":{\"margin\":\"default\",\"column_breakpoint\":\"m\",\"content\":\"Nuevos Piezas\",\"text_align\":\"center\"}},{\"type\":\"image\",\"props\":{\"margin\":\"default\",\"image_svg_color\":\"emphasis\",\"image\":\"wp-content\\\/uploads\\\/2020\\\/11\\\/new-off.jpg\",\"text_align\":\"center\",\"link\":\"es\\\/productos\\\/\"}}]},{\"type\":\"column\",\"props\":{\"image_position\":\"center-center\",\"media_overlay_gradient\":\"\",\"width_medium\":\"1-4\",\"width_small\":\"1-2\"},\"children\":[{\"type\":\"text\",\"props\":{\"margin\":\"default\",\"column_breakpoint\":\"m\",\"content\":\"Material de segunda mano\\n\",\"text_align\":\"center\"}},{\"type\":\"image\",\"props\":{\"margin\":\"default\",\"image_svg_color\":\"emphasis\",\"image\":\"wp-content\\\/uploads\\\/2020\\\/11\\\/used-off.jpg\",\"text_align\":\"center\",\"link\":\"es\\\/equipo-usado\\\/\"}}]},{\"type\":\"column\",\"props\":{\"image_position\":\"center-center\",\"media_overlay_gradient\":\"\",\"width_medium\":\"1-4\",\"width_small\":\"1-2\"},\"children\":[]}]}]}],\"version\":\"2.4.14\"} --><\/p>\n","protected":false},"excerpt":{"rendered":"<p>LA PRODUCCI\u00d3N DEBE CONTINUAR Encuentre la pieza para la perforaci\u00f3n que necesita y rec\u00edbala r\u00e1pidamente M\u00e1s de 6000 piezas para la perforaci\u00f3n Tenemos lo que usted busca! NUESTRAS PIEZAS DE PERFORACI\u00d3N DE ROCAS FORAXPERT PIEZAS DE TALADRO SANDVICK PIEZAS DE TALADRO FURUKAWA PIEZAS DE TALADRO OTRAS PIEZAS DE TALADRO Descargue nuestro listado completo de piezas [&hellip;]<\/p>\n","protected":false},"author":1,"featured_media":0,"parent":0,"menu_order":0,"comment_status":"closed","ping_status":"closed","template":"","meta":{"footnotes":""},"class_list":["post-1509","page","type-page","status-publish","hentry"],"_links":{"self":[{"href":"https:\/\/foraxpert.com\/es\/wp-json\/wp\/v2\/pages\/1509","targetHints":{"allow":["GET"]}}],"collection":[{"href":"https:\/\/foraxpert.com\/es\/wp-json\/wp\/v2\/pages"}],"about":[{"href":"https:\/\/foraxpert.com\/es\/wp-json\/wp\/v2\/types\/page"}],"author":[{"embeddable":true,"href":"https:\/\/foraxpert.com\/es\/wp-json\/wp\/v2\/users\/1"}],"replies":[{"embeddable":true,"href":"https:\/\/foraxpert.com\/es\/wp-json\/wp\/v2\/comments?post=1509"}],"version-history":[{"count":0,"href":"https:\/\/foraxpert.com\/es\/wp-json\/wp\/v2\/pages\/1509\/revisions"}],"wp:attachment":[{"href":"https:\/\/foraxpert.com\/es\/wp-json\/wp\/v2\/media?parent=1509"}],"curies":[{"name":"wp","href":"https:\/\/api.w.org\/{rel}","templated":true}]}}