{"id":1515,"date":"2020-11-07T14:57:33","date_gmt":"2020-11-07T13:57:33","guid":{"rendered":"http:\/\/test.buyhomeincalifornia.com\/manufacturing\/"},"modified":"2021-05-10T08:34:50","modified_gmt":"2021-05-10T12:34:50","slug":"fabricacion","status":"publish","type":"page","link":"https:\/\/foraxpert.com\/es\/fabricacion\/","title":{"rendered":"Fabricaci\u00f3n"},"content":{"rendered":"<h2>FABRICACI\u00d3N<\/p>\n<\/h2>\n<div>\n<p style=\"color:#adadad;\">Material de segunda mano, en buenas condiciones, a un precio razonable. Vea nuestro inventario.<\/p>\n<p style=\"color:#adadad;\">\nCada pieza, cada material se fabrica de una forma espec\u00edfica, en Foraxpert lo tenemos claro. Hacemos analizar cada pieza para determinar de qu\u00e9 est\u00e1 hecha. Con esta informaci\u00f3n podemos definir y llevar a cabo el proceso adecuado.\n<\/p>\n<p style=\"color:#adadad;\">\nEl tratamiento t\u00e9rmico es un aspecto de importancia cr\u00edtica para lograr un producto de alta calidad.\n<\/p>\n<p style=\"color:#adadad;\">\nLos nombres de fabricantes, c\u00f3digos, s\u00edmbolos y descripciones se presentan solo a t\u00edtulo indicativo. La pieza puede no haber sido fabricada por el fabricante que aparece en la lista. Tampoco se quiere dar a entender que FORAXPERT INC. sea la fuente autorizada de los fabricantes mencionados en esta hoja de especificaciones.\n<\/p>\n<\/div>\n<p><!--more--><br \/>\n<!-- {\"name\":\"foraxpert-page\",\"type\":\"layout\",\"children\":[{\"type\":\"section\",\"props\":{\"style\":\"default\",\"width\":\"default\",\"vertical_align\":\"middle\",\"title_position\":\"top-left\",\"title_rotation\":\"left\",\"title_breakpoint\":\"xl\",\"image_position\":\"center-center\",\"image\":\"wp-content\\\/uploads\\\/2020\\\/11\\\/foraxpert_bg_breadcrumbs.jpg\",\"image_size\":\"cover\",\"padding\":\"xsmall\"},\"children\":[{\"type\":\"row\",\"props\":{\"layout\":\"2-3,1-3\"},\"children\":[{\"type\":\"column\",\"props\":{\"image_position\":\"center-center\",\"media_overlay_gradient\":\"\",\"width_medium\":\"2-3\",\"vertical_align\":\"middle\"},\"children\":[{\"type\":\"breadcrumbs\",\"props\":{\"show_home\":true,\"show_current\":true,\"css\":\".el-element{\\n  font-size: 16px;\\n}\"}}]},{\"type\":\"column\",\"props\":{\"image_position\":\"center-center\",\"media_overlay_gradient\":\"\",\"width_medium\":\"1-3\",\"vertical_align\":\"middle\"},\"children\":[{\"type\":\"search\",\"props\":{\"search_style\":\"\",\"search_icon\":\"right\",\"search_size\":\"large\",\"maxwidth\":\"large\",\"block_align\":\"center\"},\"modified\":\"2021-05-10T11:45:14.853Z\",\"name\":\"Search\"}]}]}],\"modified\":\"2020-11-05T16:10:40.031Z\",\"name\":\"breadcrumbs\"},{\"type\":\"section\",\"props\":{\"style\":\"default\",\"width\":\"default\",\"vertical_align\":\"middle\",\"title_position\":\"top-left\",\"title_rotation\":\"left\",\"title_breakpoint\":\"xl\",\"image_position\":\"center-center\",\"class\":\"bg-black\"},\"children\":[{\"type\":\"row\",\"children\":[{\"type\":\"column\",\"props\":{\"image_position\":\"center-center\",\"media_overlay_gradient\":\"\"},\"children\":[{\"type\":\"headline\",\"props\":{\"title_element\":\"h2\",\"content\":\"FABRICACI\\u00d3N\\n\\n\",\"title_color\":\"muted\"}},{\"type\":\"text\",\"props\":{\"margin\":\"default\",\"column_breakpoint\":\"m\",\"content\":\"\n\n<p style=\\\"color:#adadad;\\\">Material de segunda mano, en buenas condiciones, a un precio razonable. Vea nuestro inventario.<\\\/p>\\n\n\n<p style=\\\"color:#adadad;\\\">\\nCada pieza, cada material se fabrica de una forma espec\\u00edfica, en Foraxpert lo tenemos claro. Hacemos analizar cada pieza para determinar de qu\\u00e9 est\\u00e1 hecha. Con esta informaci\\u00f3n podemos definir y llevar a cabo el proceso adecuado.\\n<\\\/p>\\n\n\n<p style=\\\"color:#adadad;\\\">\\nEl tratamiento t\\u00e9rmico es un aspecto de importancia cr\\u00edtica para lograr un producto de alta calidad.\\n<\\\/p>\\n\n\n<p style=\\\"color:#adadad;\\\">\\nLos nombres de fabricantes, c\\u00f3digos, s\\u00edmbolos y descripciones se presentan solo a t\\u00edtulo indicativo. La pieza puede no haber sido fabricada por el fabricante que aparece en la lista. Tampoco se quiere dar a entender que FORAXPERT INC. sea la fuente autorizada de los fabricantes mencionados en esta hoja de especificaciones.\\n<\\\/p>\"}}]}],\"props\":{\"width\":\"small\"}}]}],\"version\":\"2.4.14\"} --><\/p>\n","protected":false},"excerpt":{"rendered":"<p>FABRICACI\u00d3N Material de segunda mano, en buenas condiciones, a un precio razonable. Vea nuestro inventario. Cada pieza, cada material se fabrica de una forma espec\u00edfica, en Foraxpert lo tenemos claro. Hacemos analizar cada pieza para determinar de qu\u00e9 est\u00e1 hecha. Con esta informaci\u00f3n podemos definir y llevar a cabo el proceso adecuado. El tratamiento t\u00e9rmico [&hellip;]<\/p>\n","protected":false},"author":1,"featured_media":0,"parent":0,"menu_order":0,"comment_status":"closed","ping_status":"closed","template":"","meta":{"footnotes":""},"class_list":["post-1515","page","type-page","status-publish","hentry"],"_links":{"self":[{"href":"https:\/\/foraxpert.com\/es\/wp-json\/wp\/v2\/pages\/1515","targetHints":{"allow":["GET"]}}],"collection":[{"href":"https:\/\/foraxpert.com\/es\/wp-json\/wp\/v2\/pages"}],"about":[{"href":"https:\/\/foraxpert.com\/es\/wp-json\/wp\/v2\/types\/page"}],"author":[{"embeddable":true,"href":"https:\/\/foraxpert.com\/es\/wp-json\/wp\/v2\/users\/1"}],"replies":[{"embeddable":true,"href":"https:\/\/foraxpert.com\/es\/wp-json\/wp\/v2\/comments?post=1515"}],"version-history":[{"count":0,"href":"https:\/\/foraxpert.com\/es\/wp-json\/wp\/v2\/pages\/1515\/revisions"}],"wp:attachment":[{"href":"https:\/\/foraxpert.com\/es\/wp-json\/wp\/v2\/media?parent=1515"}],"curies":[{"name":"wp","href":"https:\/\/api.w.org\/{rel}","templated":true}]}}