{"id":1557,"date":"2020-11-07T14:58:07","date_gmt":"2020-11-07T13:58:07","guid":{"rendered":"http:\/\/test.buyhomeincalifornia.com\/used-equipment\/"},"modified":"2021-05-10T08:39:59","modified_gmt":"2021-05-10T12:39:59","slug":"equipousado","status":"publish","type":"page","link":"https:\/\/foraxpert.com\/es\/equipousado\/","title":{"rendered":"Equipo usado"},"content":{"rendered":"<h1>EQUIPOS DE PERFORACI\u00d3N Y PIEZAS DE PERFORACI\u00d3N DE ROCA USADOS<\/h1>\n<div>Foraxpert puede ofrecer a los clientes equipos de perforaci\u00f3n de roca usados \u200b\u200bque han sido inspeccionados y aprobados diligentemente, lo que hace que esta sea otra opci\u00f3n para que los consumidores reciban productos de calidad, r\u00e1pidamente y a un costo razonable<\/div>\n<div>\n<div id=\"footable_parent_17979\"\n         class=\" footable_parent ninja_table_wrapper loading_ninja_table wp_table_data_press_parent semantic_ui colored_table\">\n                <table data-ninja_table_instance=\"ninja_table_instance_0\" data-footable_id=\"17979\" data-filter-delay=\"1000\" aria-label=\"USED EQUIPMENT\"            id=\"footable_17979\"\n           data-unique_identifier=\"ninja_table_unique_id_2908320539_17979\"\n           class=\" foo-table ninja_footable foo_table_17979 ninja_table_unique_id_2908320539_17979 ui table  ninja_search_left nt_type_ajax_table selectable striped vertical_centered ninja_custom_color inverted footable-paging-center hide_stacked_th ninja_stacked_no_cell_border ninja_table_search_disabled ninja_table_pro\">\n                <colgroup>\n                            <col class=\"ninja_column_0 \">\n                            <col class=\"ninja_column_1 \">\n                            <col class=\"ninja_column_2 \">\n                            <col class=\"ninja_column_3 \">\n                    <\/colgroup>\n            <\/table>\n    \n    \n    \n<\/div>\n<\/div>\n<p><!--more--><br \/>\n<!-- {\"name\":\"Products USED (EN)\",\"type\":\"layout\",\"children\":[{\"type\":\"section\",\"props\":{\"style\":\"default\",\"width\":\"default\",\"vertical_align\":\"middle\",\"title_position\":\"top-left\",\"title_rotation\":\"left\",\"title_breakpoint\":\"xl\",\"image_position\":\"center-center\",\"image\":\"wp-content\\\/uploads\\\/2020\\\/11\\\/foraxpert_bg_breadcrumbs.jpg\",\"image_size\":\"cover\",\"padding\":\"xsmall\"},\"children\":[{\"type\":\"row\",\"props\":{\"layout\":\"2-3,1-3\"},\"children\":[{\"type\":\"column\",\"props\":{\"image_position\":\"center-center\",\"media_overlay_gradient\":\"\",\"width_medium\":\"2-3\",\"vertical_align\":\"middle\"},\"children\":[{\"type\":\"breadcrumbs\",\"props\":{\"show_home\":true,\"show_current\":true,\"css\":\".el-element{\\n  font-size: 16px;\\n}\"}}]},{\"type\":\"column\",\"props\":{\"image_position\":\"center-center\",\"media_overlay_gradient\":\"\",\"width_medium\":\"1-3\",\"vertical_align\":\"middle\"},\"children\":[{\"type\":\"search\",\"props\":{\"search_style\":\"\",\"search_icon\":\"right\",\"search_size\":\"large\",\"maxwidth\":\"large\",\"block_align\":\"center\"},\"modified\":\"2021-05-10T11:45:14.853Z\",\"name\":\"Search\"}]}]}],\"modified\":\"2020-12-08T15:28:40.122Z\",\"name\":\"Page header BC and Search (EN)\"},{\"type\":\"section\",\"props\":{\"style\":\"primary\",\"width\":\"default\",\"vertical_align\":\"middle\",\"title_position\":\"top-left\",\"title_rotation\":\"left\",\"title_breakpoint\":\"xl\",\"image_position\":\"center-center\"},\"children\":[{\"type\":\"row\",\"children\":[{\"type\":\"column\",\"props\":{\"image_position\":\"center-center\",\"media_overlay_gradient\":\"\"},\"children\":[{\"type\":\"headline\",\"props\":{\"title_element\":\"h1\",\"content\":\"EQUIPOS DE PERFORACI\\u00d3N Y PIEZAS DE PERFORACI\\u00d3N DE ROCA USADOS\"}},{\"type\":\"text\",\"props\":{\"margin\":\"default\",\"column_breakpoint\":\"m\",\"content\":\"Foraxpert puede ofrecer a los clientes equipos de perforaci\\u00f3n de roca usados \\u200b\\u200bque han sido inspeccionados y aprobados diligentemente, lo que hace que esta sea otra opci\\u00f3n para que los consumidores reciban productos de calidad, r\\u00e1pidamente y a un costo razonable\"}},{\"type\":\"html\",\"props\":{\"content\":\"[ninja_tables id=\\\"17979\\\"]\"}}]}]}],\"modified\":\"2020-12-08T15:40:00.398Z\",\"name\":\"Product Listing Page (EN)\"}],\"version\":\"2.4.14\"} --><\/p>\n","protected":false},"excerpt":{"rendered":"<p>EQUIPOS DE PERFORACI\u00d3N Y PIEZAS DE PERFORACI\u00d3N DE ROCA USADOS Foraxpert puede ofrecer a los clientes equipos de perforaci\u00f3n de roca usados \u200b\u200bque han sido inspeccionados y aprobados diligentemente, lo que hace que esta sea otra opci\u00f3n para que los consumidores reciban productos de calidad, r\u00e1pidamente y a un costo razonable<\/p>\n","protected":false},"author":1,"featured_media":0,"parent":0,"menu_order":0,"comment_status":"closed","ping_status":"closed","template":"","meta":{"footnotes":""},"class_list":["post-1557","page","type-page","status-publish","hentry"],"_links":{"self":[{"href":"https:\/\/foraxpert.com\/es\/wp-json\/wp\/v2\/pages\/1557","targetHints":{"allow":["GET"]}}],"collection":[{"href":"https:\/\/foraxpert.com\/es\/wp-json\/wp\/v2\/pages"}],"about":[{"href":"https:\/\/foraxpert.com\/es\/wp-json\/wp\/v2\/types\/page"}],"author":[{"embeddable":true,"href":"https:\/\/foraxpert.com\/es\/wp-json\/wp\/v2\/users\/1"}],"replies":[{"embeddable":true,"href":"https:\/\/foraxpert.com\/es\/wp-json\/wp\/v2\/comments?post=1557"}],"version-history":[{"count":0,"href":"https:\/\/foraxpert.com\/es\/wp-json\/wp\/v2\/pages\/1557\/revisions"}],"wp:attachment":[{"href":"https:\/\/foraxpert.com\/es\/wp-json\/wp\/v2\/media?parent=1557"}],"curies":[{"name":"wp","href":"https:\/\/api.w.org\/{rel}","templated":true}]}}