{"id":33917,"date":"2021-01-02T20:55:46","date_gmt":"2021-01-02T19:55:46","guid":{"rendered":"https:\/\/foraxpert.com\/NEW\/shop\/431846\/"},"modified":"2021-01-02T20:55:46","modified_gmt":"2021-01-02T19:55:46","slug":"431846","status":"publish","type":"product","link":"https:\/\/foraxpert.com\/es\/shop\/431846\/","title":{"rendered":"431846"},"content":{"rendered":"","protected":false},"excerpt":{"rendered":"<p>PINO MESTRE DO BRA\u00c7O ELEVA\u00c7\u00c3O<\/p>\n<p class='availability'><strong>CALL TO CHECK<\/strong><\/p>\n","protected":false},"featured_media":0,"template":"","meta":{"wds_primary_product_brand":0,"wds_primary_product_cat":0},"product_brand":[],"product_cat":[79],"product_tag":[],"class_list":{"0":"post-33917","1":"product","2":"type-product","3":"status-publish","5":"product_cat-tamrock-sandvik","7":"first","8":"instock","9":"shipping-taxable","10":"product-type-simple"},"_links":{"self":[{"href":"https:\/\/foraxpert.com\/es\/wp-json\/wp\/v2\/product\/33917","targetHints":{"allow":["GET"]}}],"collection":[{"href":"https:\/\/foraxpert.com\/es\/wp-json\/wp\/v2\/product"}],"about":[{"href":"https:\/\/foraxpert.com\/es\/wp-json\/wp\/v2\/types\/product"}],"wp:attachment":[{"href":"https:\/\/foraxpert.com\/es\/wp-json\/wp\/v2\/media?parent=33917"}],"wp:term":[{"taxonomy":"product_brand","embeddable":true,"href":"https:\/\/foraxpert.com\/es\/wp-json\/wp\/v2\/product_brand?post=33917"},{"taxonomy":"product_cat","embeddable":true,"href":"https:\/\/foraxpert.com\/es\/wp-json\/wp\/v2\/product_cat?post=33917"},{"taxonomy":"product_tag","embeddable":true,"href":"https:\/\/foraxpert.com\/es\/wp-json\/wp\/v2\/product_tag?post=33917"}],"curies":[{"name":"wp","href":"https:\/\/api.w.org\/{rel}","templated":true}]}}