{"id":1506,"date":"2020-11-07T14:56:42","date_gmt":"2020-11-07T13:56:42","guid":{"rendered":"http:\/\/test.buyhomeincalifornia.com\/home\/"},"modified":"2021-05-10T08:25:27","modified_gmt":"2021-05-10T12:25:27","slug":"home","status":"publish","type":"page","link":"https:\/\/foraxpert.com\/fr\/","title":{"rendered":"Home"},"content":{"rendered":"<h2>LA PRODUCTION N&rsquo;ATTEND PAS<\/h2>\n<div>Trouvez la pi\u00e8ce pour foreuse dont vous avez besoin et obtenez-la rapidement.\n<\/div>\n<div>Plus de 6000 pi\u00e8ces pour foreuse<br \/>\nNous avons ce que vous cherchez!<\/div>\n<h2>NOS PI\u00c8CES POUR FOREUSE<br \/>\n<\/h2>\n<hr>\n<div>\n<p>        <a href=\"\/fr\/produits\/fraxpert\/\"><img decoding=\"async\" data-src=\"\/wp-content\/uploads\/2020\/11\/atlascopco-off-c327e5704433938a7c8573d102075f73.jpg\" alt=\"\" src=\"data:image\/svg+xml;base64,PHN2ZyB3aWR0aD0iMSIgaGVpZ2h0PSIxIiB4bWxucz0iaHR0cDovL3d3dy53My5vcmcvMjAwMC9zdmciPjwvc3ZnPg==\" class=\"lazyload\" style=\"--smush-placeholder-width: 240px; --smush-placeholder-aspect-ratio: 240\/316;\"><\/a><\/p>\n<p>        <img decoding=\"async\" data-src=\"\/wp-content\/uploads\/2020\/11\/atlascopco-on-abdfd9af0cad6be7e721435f7f0b5e60.jpg\" alt=\"\" src=\"data:image\/svg+xml;base64,PHN2ZyB3aWR0aD0iMSIgaGVpZ2h0PSIxIiB4bWxucz0iaHR0cDovL3d3dy53My5vcmcvMjAwMC9zdmciPjwvc3ZnPg==\" class=\"lazyload\" style=\"--smush-placeholder-width: 240px; --smush-placeholder-aspect-ratio: 240\/316;\"><\/p>\n<h3>FORAXPERT<\/h3>\n<p>PI\u00c8CES POUR FOREUSE<\/p>\n<\/div>\n<div>\n<p>        <a href=\"\/fr\/produits\/tamrock-sandvik\/\"><img decoding=\"async\" data-src=\"\/wp-content\/uploads\/2020\/11\/tamrock-sandvik-off-0d7cb177b4491e9658c6a7d3f9f13fcd.jpg\" alt=\"\" src=\"data:image\/svg+xml;base64,PHN2ZyB3aWR0aD0iMSIgaGVpZ2h0PSIxIiB4bWxucz0iaHR0cDovL3d3dy53My5vcmcvMjAwMC9zdmciPjwvc3ZnPg==\" class=\"lazyload\" style=\"--smush-placeholder-width: 240px; --smush-placeholder-aspect-ratio: 240\/316;\"><\/a><\/p>\n<p>        <img decoding=\"async\" data-src=\"\/wp-content\/uploads\/2020\/11\/tamrock-sandvik-on-25afa0d97705ccf71c3aa14a49cbbd76.jpg\" alt=\"\" src=\"data:image\/svg+xml;base64,PHN2ZyB3aWR0aD0iMSIgaGVpZ2h0PSIxIiB4bWxucz0iaHR0cDovL3d3dy53My5vcmcvMjAwMC9zdmciPjwvc3ZnPg==\" class=\"lazyload\" style=\"--smush-placeholder-width: 240px; --smush-placeholder-aspect-ratio: 240\/316;\"><\/p>\n<h3>SANDVICK<\/h3>\n<p>PI\u00c8CES POUR FOREUSE<\/p>\n<\/div>\n<div>\n<p>        <a href=\"\/fr\/produits\/furukawa\/\"><img decoding=\"async\" data-src=\"\/wp-content\/uploads\/2020\/11\/furukawa-off-be8629b45207aba48f6cdb739a95c91c.jpg\" alt=\"\" src=\"data:image\/svg+xml;base64,PHN2ZyB3aWR0aD0iMSIgaGVpZ2h0PSIxIiB4bWxucz0iaHR0cDovL3d3dy53My5vcmcvMjAwMC9zdmciPjwvc3ZnPg==\" class=\"lazyload\" style=\"--smush-placeholder-width: 240px; --smush-placeholder-aspect-ratio: 240\/316;\"><\/a><\/p>\n<p>        <img decoding=\"async\" data-src=\"\/wp-content\/uploads\/2020\/11\/furukawa-on-79c3d9fe58d514d74bde41dc253f5669.jpg\" alt=\"\" src=\"data:image\/svg+xml;base64,PHN2ZyB3aWR0aD0iMSIgaGVpZ2h0PSIxIiB4bWxucz0iaHR0cDovL3d3dy53My5vcmcvMjAwMC9zdmciPjwvc3ZnPg==\" class=\"lazyload\" style=\"--smush-placeholder-width: 240px; --smush-placeholder-aspect-ratio: 240\/316;\"><\/p>\n<h3>FURUKAWA<\/h3>\n<p>PI\u00c8CES POUR FOREUSE<\/p>\n<\/div>\n<div>\n<p>        <a href=\"\/fr\/produits\/autres\/\"><img decoding=\"async\" data-src=\"\/wp-content\/uploads\/2020\/11\/best-seller-off-498192ad18f508505466058a1b20f26e.jpg\" alt=\"\" src=\"data:image\/svg+xml;base64,PHN2ZyB3aWR0aD0iMSIgaGVpZ2h0PSIxIiB4bWxucz0iaHR0cDovL3d3dy53My5vcmcvMjAwMC9zdmciPjwvc3ZnPg==\" class=\"lazyload\" style=\"--smush-placeholder-width: 240px; --smush-placeholder-aspect-ratio: 240\/316;\"><\/a><\/p>\n<p>        <img decoding=\"async\" data-src=\"\/wp-content\/uploads\/2020\/11\/best-seller-on-c4268547fd343f2063e82802302a3aaa.jpg\" alt=\"\" src=\"data:image\/svg+xml;base64,PHN2ZyB3aWR0aD0iMSIgaGVpZ2h0PSIxIiB4bWxucz0iaHR0cDovL3d3dy53My5vcmcvMjAwMC9zdmciPjwvc3ZnPg==\" class=\"lazyload\" style=\"--smush-placeholder-width: 240px; --smush-placeholder-aspect-ratio: 240\/316;\"><\/p>\n<h3>AUTRES<\/h3>\n<p>PI\u00c8CES POUR FOREUSE<\/p>\n<\/div>\n<div>\n<p>T\u00e9l\u00e9charger la liste de pi\u00e8ces en format PDF <\/p>\n<\/div>\n<p>\n    <a href=\"\/wp-content\/uploads\/2021\/01\/Foraxpert-ListePieces-20210107.pdf\">CATALOGUE FORAXPERT <\/a>\n<\/p>\n<h2>POURQUOI CHOISIR FORAXPERT<\/h2>\n<hr>\n<div>\n<p style=\"color: #adadad;\">Chez Foraxpert vous trouverez presque tout ce qui est n\u00e9cessaire au bon fonctionnement de vos <span style=\"color: white;\">\u00e9quipements de forage.<\/span> \u00c0 partir des courroies pour vos boyaux hydrauliques jusqu\u2019aux pi\u00e8ces de haute pr\u00e9cision pour le marteau hydraulique en passant par les pi\u00e8ces pour les tractions, filtres de d\u00e9poussi\u00e9reur, diaphragmes et pi\u00e8ce en ur\u00e9thane.<\/p>\n<p style=\"color: #adadad;\">Avec plus de 10 ann\u00e9es d&rsquo;exp\u00e9rience, nous avons d\u00e9velopp\u00e9 une liste de fournisseurs qui nous permet d&rsquo;avoir acc\u00e8s facilement et rapidement \u00e0 la plupart des pi\u00e8ces dont vous avez besoin pour votre \u00e9quipement de forage. <\/p>\n<p style=\"color: #adadad;\">Vous n&rsquo;avez pas \u00e0 vous soucier de payer le prix des pi\u00e8ces originales, car chez Foraxpert vous obtiendrez des <span style=\"color: white;\">pi\u00e8ces de bonne qualit\u00e9 pour une fraction du co\u00fbt.<\/span><\/p>\n<p>\u00c9conomisez du temps. <br \/><span style=\"color: #a02323; font-size: 18px;\">\u00c9CONOMISEZ DE L&rsquo;ARGENT.<\/span><\/p>\n<\/div>\n<h2>PI\u00c8CES DE FOREUSES NEUVES ET \u00c9QUIPEMENT USAG\u00c9<br \/>\n<\/h2>\n<hr>\n<div>Pi\u00e8ces neuves\n<\/div>\n<p><a href=\"\/fr\/produits\/\"><img decoding=\"async\" data-src=\"\/wp-content\/uploads\/2020\/11\/new-off.jpg\" alt=\"\" src=\"data:image\/svg+xml;base64,PHN2ZyB3aWR0aD0iMSIgaGVpZ2h0PSIxIiB4bWxucz0iaHR0cDovL3d3dy53My5vcmcvMjAwMC9zdmciPjwvc3ZnPg==\" class=\"lazyload\" style=\"--smush-placeholder-width: 250px; --smush-placeholder-aspect-ratio: 250\/250;\"><\/a><\/p>\n<div>\u00c9quipement usag\u00e9\n<\/div>\n<p><a href=\"\/fr\/equipement-usage\/\"><img decoding=\"async\" data-src=\"\/wp-content\/uploads\/2020\/11\/used-off.jpg\" alt=\"\" src=\"data:image\/svg+xml;base64,PHN2ZyB3aWR0aD0iMSIgaGVpZ2h0PSIxIiB4bWxucz0iaHR0cDovL3d3dy53My5vcmcvMjAwMC9zdmciPjwvc3ZnPg==\" class=\"lazyload\" style=\"--smush-placeholder-width: 250px; --smush-placeholder-aspect-ratio: 250\/250;\"><\/a><\/p>\n<p><!--more--><br \/>\n<!-- {\"type\":\"layout\",\"children\":[{\"type\":\"section\",\"props\":{\"style\":\"default\",\"width\":\"default\",\"vertical_align\":\"middle\",\"title_position\":\"top-left\",\"title_rotation\":\"left\",\"title_breakpoint\":\"xl\",\"image_position\":\"center-center\",\"image\":\"wp-content\\\/uploads\\\/2020\\\/11\\\/foraxpert-006.jpg\",\"image_size\":\"cover\"},\"children\":[{\"type\":\"row\",\"children\":[{\"type\":\"column\",\"props\":{\"image_position\":\"center-center\",\"media_overlay_gradient\":\"\"},\"children\":[{\"type\":\"headline\",\"props\":{\"title_element\":\"h2\",\"text_align\":\"center\",\"content\":\"LA PRODUCTION N'ATTEND PAS\",\"title_color\":\"muted\",\"margin_remove_bottom\":true,\"css\":\".el-element{\\n letter-spacing: 0px;\\n font-size: 27px;\\n font-weight: 700;\\n}\"}},{\"type\":\"text\",\"props\":{\"margin\":\"default\",\"column_breakpoint\":\"m\",\"content\":\"Trouvez la pi\\u00e8ce pour foreuse dont vous avez besoin et obtenez-la rapidement.\\n\",\"text_align\":\"center\",\"margin_remove_top\":true}},{\"type\":\"search\",\"props\":{\"search_style\":\"\",\"search_icon\":\"right\",\"search_size\":\"large\",\"maxwidth\":\"large\",\"block_align\":\"center\"},\"modified\":\"2021-05-10T11:45:14.853Z\",\"name\":\"Search\"},{\"type\":\"text\",\"props\":{\"margin\":\"default\",\"column_breakpoint\":\"m\",\"content\":\"Plus de 6000 pi\\u00e8ces pour foreuse<br\\\/>\\nNous avons ce que vous cherchez!\",\"text_align\":\"center\"}}]}]}]},{\"type\":\"section\",\"props\":{\"style\":\"default\",\"width\":\"default\",\"vertical_align\":\"middle\",\"title_position\":\"top-left\",\"title_rotation\":\"left\",\"title_breakpoint\":\"xl\",\"image_position\":\"center-center\",\"image\":\"wp-content\\\/uploads\\\/2020\\\/11\\\/foraxpert_cat_bg.jpg\",\"image_size\":\"cover\",\"padding_remove_bottom\":false,\"padding\":\"small\"},\"children\":[{\"type\":\"row\",\"children\":[{\"type\":\"column\",\"props\":{\"image_position\":\"center-center\",\"media_overlay_gradient\":\"\"},\"children\":[{\"type\":\"headline\",\"props\":{\"title_element\":\"h2\",\"text_align\":\"center\",\"content\":\"NOS PI\\u00c8CES POUR FOREUSE\\n\",\"title_color\":\"muted\",\"margin_remove_bottom\":false,\"title_style\":\"h2\",\"css\":\".el-element{\\n letter-spacing: 0px;\\n font-size: 27px;\\n font-weight: 700;\\n}\"}},{\"type\":\"divider\",\"props\":{\"divider_element\":\"hr\",\"divider_style\":\"small\",\"divider_align\":\"center\",\"css\":\".el-element:after{\\n  border: 2px solid #A02323;\\n}\",\"margin_remove_top\":true,\"margin_remove_bottom\":true}}]}]},{\"type\":\"row\",\"props\":{\"layout\":\"1-4,1-4,1-4,1-4|1-2,1-2,1-2,1-2\",\"column_gap\":\"collapse\",\"margin_remove_bottom\":false,\"width\":\"small\"},\"children\":[{\"type\":\"column\",\"props\":{\"image_position\":\"center-center\",\"media_overlay_gradient\":\"\",\"width_medium\":\"1-4\",\"width_small\":\"1-2\"},\"children\":[{\"type\":\"overlay\",\"props\":{\"link_text\":\"\",\"overlay_mode\":\"cover\",\"overlay_hover\":true,\"overlay_style\":\"overlay-primary\",\"text_color\":\"light\",\"overlay_position\":\"center\",\"overlay_transition\":\"fade\",\"title_hover_style\":\"reset\",\"title_element\":\"h3\",\"meta_style\":\"meta\",\"meta_align\":\"below-title\",\"meta_element\":\"div\",\"link_style\":\"default\",\"text_align\":\"center\",\"margin\":\"default\",\"image\":\"wp-content\\\/uploads\\\/2020\\\/11\\\/atlascopco-off-c327e5704433938a7c8573d102075f73.jpg\",\"hover_image\":\"wp-content\\\/uploads\\\/2020\\\/11\\\/atlascopco-on-abdfd9af0cad6be7e721435f7f0b5e60.jpg\",\"title\":\"FORAXPERT\",\"link\":\"fr\\\/produits\\\/fraxpert\\\/\",\"overlay_transition_background\":true,\"title_style\":\"h3\",\"overlay_link\":true,\"css\":\".el-title{\\n  font-size: 21px; \\n}\",\"id\":\"cat-foraxpert1\",\"meta\":\"PI\\u00c8CES POUR FOREUSE\",\"meta_margin\":\"remove\",\"meta_color\":\"emphasis\"}}]},{\"type\":\"column\",\"props\":{\"image_position\":\"center-center\",\"media_overlay_gradient\":\"\",\"width_medium\":\"1-4\",\"width_small\":\"1-2\"},\"children\":[{\"type\":\"overlay\",\"props\":{\"link_text\":\"\",\"overlay_mode\":\"cover\",\"overlay_hover\":true,\"overlay_style\":\"overlay-primary\",\"text_color\":\"light\",\"overlay_position\":\"center\",\"overlay_transition\":\"fade\",\"title_hover_style\":\"reset\",\"title_element\":\"h3\",\"meta_style\":\"meta\",\"meta_align\":\"below-title\",\"meta_element\":\"div\",\"link_style\":\"default\",\"text_align\":\"center\",\"margin\":\"default\",\"image\":\"wp-content\\\/uploads\\\/2020\\\/11\\\/tamrock-sandvik-off-0d7cb177b4491e9658c6a7d3f9f13fcd.jpg\",\"hover_image\":\"wp-content\\\/uploads\\\/2020\\\/11\\\/tamrock-sandvik-on-25afa0d97705ccf71c3aa14a49cbbd76.jpg\",\"title\":\"SANDVICK\",\"link\":\"fr\\\/produits\\\/tamrock-sandvik\\\/\",\"overlay_transition_background\":true,\"title_style\":\"h3\",\"overlay_link\":true,\"css\":\".el-title{\\n  font-size: 21px;\\n}\",\"id\":\"ct-tamrock\",\"meta\":\"PI\\u00c8CES POUR FOREUSE\",\"meta_color\":\"emphasis\",\"meta_margin\":\"remove\"}}]},{\"type\":\"column\",\"props\":{\"image_position\":\"center-center\",\"media_overlay_gradient\":\"\",\"width_medium\":\"1-4\",\"width_small\":\"1-2\"},\"children\":[{\"type\":\"overlay\",\"props\":{\"link_text\":\"\",\"overlay_mode\":\"cover\",\"overlay_hover\":true,\"overlay_style\":\"overlay-primary\",\"text_color\":\"light\",\"overlay_position\":\"center\",\"overlay_transition\":\"fade\",\"title_hover_style\":\"reset\",\"title_element\":\"h3\",\"meta_style\":\"meta\",\"meta_align\":\"below-title\",\"meta_element\":\"div\",\"link_style\":\"default\",\"text_align\":\"center\",\"margin\":\"default\",\"image\":\"wp-content\\\/uploads\\\/2020\\\/11\\\/furukawa-off-be8629b45207aba48f6cdb739a95c91c.jpg\",\"hover_image\":\"wp-content\\\/uploads\\\/2020\\\/11\\\/furukawa-on-79c3d9fe58d514d74bde41dc253f5669.jpg\",\"title\":\"FURUKAWA\",\"link\":\"fr\\\/produits\\\/furukawa\\\/\",\"overlay_transition_background\":true,\"title_style\":\"h3\",\"overlay_link\":true,\"css\":\".el-title{\\n  font-size: 21px;\\n}\",\"id\":\"ct-furukawa\",\"meta\":\"PI\\u00c8CES POUR FOREUSE\",\"meta_color\":\"emphasis\",\"meta_margin\":\"remove\"}}]},{\"type\":\"column\",\"props\":{\"image_position\":\"center-center\",\"media_overlay_gradient\":\"\",\"width_medium\":\"1-4\",\"width_small\":\"1-2\"},\"children\":[{\"type\":\"overlay\",\"props\":{\"link_text\":\"\",\"overlay_mode\":\"cover\",\"overlay_hover\":true,\"overlay_style\":\"overlay-primary\",\"text_color\":\"light\",\"overlay_position\":\"center\",\"overlay_transition\":\"fade\",\"title_hover_style\":\"reset\",\"title_element\":\"h3\",\"meta_style\":\"meta\",\"meta_align\":\"below-title\",\"meta_element\":\"div\",\"link_style\":\"default\",\"text_align\":\"center\",\"margin\":\"default\",\"image\":\"wp-content\\\/uploads\\\/2020\\\/11\\\/best-seller-off-498192ad18f508505466058a1b20f26e.jpg\",\"hover_image\":\"wp-content\\\/uploads\\\/2020\\\/11\\\/best-seller-on-c4268547fd343f2063e82802302a3aaa.jpg\",\"title\":\"AUTRES\",\"link\":\"fr\\\/produits\\\/autres\\\/\",\"overlay_transition_background\":true,\"title_style\":\"h3\",\"overlay_link\":true,\"css\":\".el-title{\\n  font-size: 21px;\\n}\",\"id\":\"ct-other\",\"meta\":\"PI\\u00c8CES POUR FOREUSE\",\"meta_color\":\"emphasis\",\"meta_margin\":\"remove\"}}]}]},{\"type\":\"row\",\"props\":{\"width\":\"xsmall\"},\"children\":[{\"type\":\"column\",\"props\":{\"image_position\":\"center-center\",\"media_overlay_gradient\":\"\"},\"children\":[{\"type\":\"text\",\"props\":{\"margin\":\"default\",\"column_breakpoint\":\"m\",\"content\":\"\n\n<p>T\\u00e9l\\u00e9charger la liste de pi\\u00e8ces en format PDF <\\\/p>\",\"text_align\":\"center\"}},{\"type\":\"button\",\"props\":{\"grid_column_gap\":\"small\",\"grid_row_gap\":\"small\",\"margin\":\"default\",\"text_align\":\"center\"},\"children\":[{\"type\":\"button_item\",\"props\":{\"button_style\":\"secondary\",\"icon_align\":\"left\",\"content\":\"CATALOGUE FORAXPERT \",\"link\":\"wp-content\\\/uploads\\\/2021\\\/01\\\/Foraxpert-ListePieces-20210107.pdf\",\"icon\":\"file-pdf\"}}]}]}]}]},{\"type\":\"section\",\"props\":{\"style\":\"default\",\"width\":\"default\",\"vertical_align\":\"middle\",\"title_position\":\"top-left\",\"title_rotation\":\"left\",\"title_breakpoint\":\"xl\",\"image_position\":\"center-center\",\"image\":\"wp-content\\\/uploads\\\/2020\\\/11\\\/foraxpert_bg_concrete.jpg\",\"image_size\":\"cover\"},\"children\":[{\"type\":\"row\",\"children\":[{\"type\":\"column\",\"props\":{\"image_position\":\"center-center\",\"media_overlay_gradient\":\"\"},\"children\":[{\"type\":\"headline\",\"props\":{\"title_element\":\"h2\",\"text_align\":\"center\",\"content\":\"POURQUOI CHOISIR FORAXPERT\",\"title_color\":\"muted\",\"margin_remove_bottom\":false,\"title_style\":\"h2\",\"css\":\".el-element{\\n letter-spacing: 0px;\\n font-size: 27px;\\n font-weight: 700;\\n}\"}},{\"type\":\"divider\",\"props\":{\"divider_element\":\"hr\",\"divider_style\":\"small\",\"divider_align\":\"center\",\"css\":\".el-element:after{\\n  border: 2px solid #A02323;\\n}\",\"margin_remove_top\":true,\"margin_remove_bottom\":true}},{\"type\":\"text\",\"props\":{\"margin\":\"default\",\"column_breakpoint\":\"m\",\"content\":\"\n\n<p style=\\\"color: #adadad;\\\">Chez Foraxpert vous trouverez presque tout ce qui est n\\u00e9cessaire au bon fonctionnement de vos <span style=\\\"color: white;\\\">\\u00e9quipements de forage.<\\\/span> \\u00c0 partir des courroies pour vos boyaux hydrauliques jusqu\\u2019aux pi\\u00e8ces de haute pr\\u00e9cision pour le marteau hydraulique en passant par les pi\\u00e8ces pour les tractions, filtres de d\\u00e9poussi\\u00e9reur, diaphragmes et pi\\u00e8ce en ur\\u00e9thane.<\\\/p>\\n\n\n<p style=\\\"color: #adadad;\\\">Avec plus de 10 ann\\u00e9es d'exp\\u00e9rience, nous avons d\\u00e9velopp\\u00e9 une liste de fournisseurs qui nous permet d'avoir acc\\u00e8s facilement et rapidement \\u00e0 la plupart des pi\\u00e8ces dont vous avez besoin pour votre \\u00e9quipement de forage. <\\\/p>\\n\n\n<p style=\\\"color: #adadad;\\\">Vous n'avez pas \\u00e0 vous soucier de payer le prix des pi\\u00e8ces originales, car chez Foraxpert vous obtiendrez des <span style=\\\"color: white;\\\">pi\\u00e8ces de bonne qualit\\u00e9 pour une fraction du co\\u00fbt.<\\\/span><\\\/p>\\n\n\n<p>\\u00c9conomisez du temps. <br \\\/><span style=\\\"color: #a02323; font-size: 18px;\\\">\\u00c9CONOMISEZ DE L'ARGENT.<\\\/span><\\\/p>\",\"text_align\":\"center\"}}]}]}]},{\"type\":\"section\",\"props\":{\"style\":\"default\",\"width\":\"default\",\"vertical_align\":\"middle\",\"title_position\":\"top-left\",\"title_rotation\":\"left\",\"title_breakpoint\":\"xl\",\"image_position\":\"center-center\",\"css\":\".el-section{\\n  background: #8b1e1e;\\n}\"},\"children\":[{\"type\":\"row\",\"children\":[{\"type\":\"column\",\"props\":{\"image_position\":\"center-center\",\"media_overlay_gradient\":\"\"},\"children\":[{\"type\":\"headline\",\"props\":{\"title_element\":\"h2\",\"text_align\":\"center\",\"content\":\"PI\\u00c8CES DE FOREUSES NEUVES ET \\u00c9QUIPEMENT USAG\\u00c9\\n\",\"margin_remove_bottom\":false,\"title_style\":\"h2\",\"css\":\".el-element{\\n letter-spacing: 0px;\\n font-size: 27px;\\n font-weight: 700;\\n color: #0f0f0f;\\n}\"}},{\"type\":\"divider\",\"props\":{\"divider_element\":\"hr\",\"divider_style\":\"small\",\"divider_align\":\"center\",\"css\":\".el-element:after{\\n  border: 2px solid #0f0f0f;\\n}\",\"margin_remove_top\":true,\"margin_remove_bottom\":true}}]}]},{\"type\":\"row\",\"props\":{\"layout\":\"1-4,1-4,1-4,1-4|1-2,1-2,1-2,1-2\"},\"children\":[{\"type\":\"column\",\"props\":{\"image_position\":\"center-center\",\"media_overlay_gradient\":\"\",\"width_medium\":\"1-4\",\"width_small\":\"1-2\"},\"children\":[]},{\"type\":\"column\",\"props\":{\"image_position\":\"center-center\",\"media_overlay_gradient\":\"\",\"width_medium\":\"1-4\",\"width_small\":\"1-2\"},\"children\":[{\"type\":\"text\",\"props\":{\"margin\":\"default\",\"column_breakpoint\":\"m\",\"content\":\"Pi\\u00e8ces neuves\\n\",\"text_align\":\"center\"}},{\"type\":\"image\",\"props\":{\"margin\":\"default\",\"image_svg_color\":\"emphasis\",\"image\":\"wp-content\\\/uploads\\\/2020\\\/11\\\/new-off.jpg\",\"text_align\":\"center\",\"link\":\"fr\\\/produits\\\/\"}}]},{\"type\":\"column\",\"props\":{\"image_position\":\"center-center\",\"media_overlay_gradient\":\"\",\"width_medium\":\"1-4\",\"width_small\":\"1-2\"},\"children\":[{\"type\":\"text\",\"props\":{\"margin\":\"default\",\"column_breakpoint\":\"m\",\"content\":\"\\u00c9quipement usag\\u00e9\\n\",\"text_align\":\"center\"}},{\"type\":\"image\",\"props\":{\"margin\":\"default\",\"image_svg_color\":\"emphasis\",\"image\":\"wp-content\\\/uploads\\\/2020\\\/11\\\/used-off.jpg\",\"text_align\":\"center\",\"link\":\"fr\\\/equipement-usage\\\/\"}}]},{\"type\":\"column\",\"props\":{\"image_position\":\"center-center\",\"media_overlay_gradient\":\"\",\"width_medium\":\"1-4\",\"width_small\":\"1-2\"},\"children\":[]}]}]}],\"version\":\"2.4.14\"} --><\/p>\n","protected":false},"excerpt":{"rendered":"<p>LA PRODUCTION N&rsquo;ATTEND PAS Trouvez la pi\u00e8ce pour foreuse dont vous avez besoin et obtenez-la rapidement. Plus de 6000 pi\u00e8ces pour foreuse Nous avons ce que vous cherchez! NOS PI\u00c8CES POUR FOREUSE FORAXPERT PI\u00c8CES POUR FOREUSE SANDVICK PI\u00c8CES POUR FOREUSE FURUKAWA PI\u00c8CES POUR FOREUSE AUTRES PI\u00c8CES POUR FOREUSE T\u00e9l\u00e9charger la liste de pi\u00e8ces en format [&hellip;]<\/p>\n","protected":false},"author":1,"featured_media":0,"parent":0,"menu_order":0,"comment_status":"closed","ping_status":"closed","template":"","meta":{"footnotes":""},"class_list":["post-1506","page","type-page","status-publish","hentry"],"_links":{"self":[{"href":"https:\/\/foraxpert.com\/fr\/wp-json\/wp\/v2\/pages\/1506","targetHints":{"allow":["GET"]}}],"collection":[{"href":"https:\/\/foraxpert.com\/fr\/wp-json\/wp\/v2\/pages"}],"about":[{"href":"https:\/\/foraxpert.com\/fr\/wp-json\/wp\/v2\/types\/page"}],"author":[{"embeddable":true,"href":"https:\/\/foraxpert.com\/fr\/wp-json\/wp\/v2\/users\/1"}],"replies":[{"embeddable":true,"href":"https:\/\/foraxpert.com\/fr\/wp-json\/wp\/v2\/comments?post=1506"}],"version-history":[{"count":0,"href":"https:\/\/foraxpert.com\/fr\/wp-json\/wp\/v2\/pages\/1506\/revisions"}],"wp:attachment":[{"href":"https:\/\/foraxpert.com\/fr\/wp-json\/wp\/v2\/media?parent=1506"}],"curies":[{"name":"wp","href":"https:\/\/api.w.org\/{rel}","templated":true}]}}