{"id":1512,"date":"2020-11-07T14:57:33","date_gmt":"2020-11-07T13:57:33","guid":{"rendered":"http:\/\/test.buyhomeincalifornia.com\/manufacturing\/"},"modified":"2021-05-10T08:26:27","modified_gmt":"2021-05-10T12:26:27","slug":"fabrication","status":"publish","type":"page","link":"https:\/\/foraxpert.com\/fr\/fabrication\/","title":{"rendered":"Fabrication"},"content":{"rendered":"<h2>FABRICATION<\/p>\n<\/h2>\n<div>\n<p>De l\u2019\u00e9quipement usag\u00e9, <strong>en bon \u00e9tat, \u00e0 un prix raisonnable<\/strong>. Voyez notre inventaire.<\/p>\n<p>Chaque pi\u00e8ce a son propre processus et chez Foraxpert, nous ne jouons pas aux devinettes. Chaque pi\u00e8ce est envoy\u00e9e pour analyse afin de d\u00e9terminer de quoi elle est faite. Une fois que nous avons ces informations, nous pouvons d\u00e9terminer le bon processus et le mettre en oeuvre.<\/p>\n<p>Le traitement thermique est critique et constitue un aspect important d&rsquo;un <strong>produit de haute qualit\u00e9<\/strong>.<\/p>\n<p>Tous les noms, num\u00e9ros, symboles et descriptions des manufacturiers sont \u00e0 des fins de r\u00e9f\u00e9rence seulement, et il n&rsquo;est pas impliqu\u00e9 que cette pi\u00e8ce est le produit list\u00e9 par le manufacturier, ni que FORAXPERT INC. est une source autoris\u00e9e pour l&rsquo;un des manufacturiers mentionn\u00e9s dans cette fiche technique.<\/p>\n<\/div>\n<p><!--more--><br \/>\n<!-- {\"name\":\"foraxpert-page\",\"type\":\"layout\",\"children\":[{\"type\":\"section\",\"props\":{\"style\":\"default\",\"width\":\"default\",\"vertical_align\":\"middle\",\"title_position\":\"top-left\",\"title_rotation\":\"left\",\"title_breakpoint\":\"xl\",\"image_position\":\"center-center\",\"image\":\"wp-content\\\/uploads\\\/2020\\\/11\\\/foraxpert_bg_breadcrumbs.jpg\",\"image_size\":\"cover\",\"padding\":\"xsmall\"},\"children\":[{\"type\":\"row\",\"props\":{\"layout\":\"2-3,1-3\"},\"children\":[{\"type\":\"column\",\"props\":{\"image_position\":\"center-center\",\"media_overlay_gradient\":\"\",\"width_medium\":\"2-3\",\"vertical_align\":\"middle\"},\"children\":[{\"type\":\"breadcrumbs\",\"props\":{\"show_home\":true,\"show_current\":true,\"css\":\".el-element{\\n  font-size: 16px;\\n}\"}}]},{\"type\":\"column\",\"props\":{\"image_position\":\"center-center\",\"media_overlay_gradient\":\"\",\"width_medium\":\"1-3\",\"vertical_align\":\"middle\"},\"children\":[{\"type\":\"search\",\"props\":{\"search_style\":\"\",\"search_icon\":\"right\",\"search_size\":\"large\",\"maxwidth\":\"large\",\"block_align\":\"center\"},\"modified\":\"2021-05-10T11:45:14.853Z\",\"name\":\"Search\"}]}]}],\"modified\":\"2020-11-05T16:10:40.031Z\",\"name\":\"breadcrumbs\"},{\"type\":\"section\",\"props\":{\"style\":\"default\",\"width\":\"default\",\"vertical_align\":\"middle\",\"title_position\":\"top-left\",\"title_rotation\":\"left\",\"title_breakpoint\":\"xl\",\"image_position\":\"center-center\",\"class\":\"bg-black\"},\"children\":[{\"type\":\"row\",\"children\":[{\"type\":\"column\",\"props\":{\"image_position\":\"center-center\",\"media_overlay_gradient\":\"\"},\"children\":[{\"type\":\"headline\",\"props\":{\"title_element\":\"h2\",\"content\":\"FABRICATION\\n\\n\",\"title_color\":\"muted\"}},{\"type\":\"text\",\"props\":{\"margin\":\"default\",\"column_breakpoint\":\"m\",\"content\":\"\n\n<p>De l\\u2019\\u00e9quipement usag\\u00e9, <strong>en bon \\u00e9tat, \\u00e0 un prix raisonnable<\\\/strong>. Voyez notre inventaire.<\\\/p>\\n\n\n<p>Chaque pi\\u00e8ce a son propre processus et chez Foraxpert, nous ne jouons pas aux devinettes. Chaque pi\\u00e8ce est envoy\\u00e9e pour analyse afin de d\\u00e9terminer de quoi elle est faite. Une fois que nous avons ces informations, nous pouvons d\\u00e9terminer le bon processus et le mettre en oeuvre.<\\\/p>\\n\n\n<p>Le traitement thermique est critique et constitue un aspect important d'un <strong>produit de haute qualit\\u00e9<\\\/strong>.<\\\/p>\\n\n\n<p>Tous les noms, num\\u00e9ros, symboles et descriptions des manufacturiers sont \\u00e0 des fins de r\\u00e9f\\u00e9rence seulement, et il n'est pas impliqu\\u00e9 que cette pi\\u00e8ce est le produit list\\u00e9 par le manufacturier, ni que FORAXPERT INC. est une source autoris\\u00e9e pour l'un des manufacturiers mentionn\\u00e9s dans cette fiche technique.<\\\/p>\"}}]}],\"props\":{\"width\":\"small\"}}]}],\"version\":\"2.4.14\"} --><\/p>\n","protected":false},"excerpt":{"rendered":"<p>FABRICATION De l\u2019\u00e9quipement usag\u00e9, en bon \u00e9tat, \u00e0 un prix raisonnable. Voyez notre inventaire. Chaque pi\u00e8ce a son propre processus et chez Foraxpert, nous ne jouons pas aux devinettes. Chaque pi\u00e8ce est envoy\u00e9e pour analyse afin de d\u00e9terminer de quoi elle est faite. Une fois que nous avons ces informations, nous pouvons d\u00e9terminer le bon [&hellip;]<\/p>\n","protected":false},"author":1,"featured_media":0,"parent":0,"menu_order":0,"comment_status":"closed","ping_status":"closed","template":"","meta":{"footnotes":""},"class_list":["post-1512","page","type-page","status-publish","hentry"],"_links":{"self":[{"href":"https:\/\/foraxpert.com\/fr\/wp-json\/wp\/v2\/pages\/1512","targetHints":{"allow":["GET"]}}],"collection":[{"href":"https:\/\/foraxpert.com\/fr\/wp-json\/wp\/v2\/pages"}],"about":[{"href":"https:\/\/foraxpert.com\/fr\/wp-json\/wp\/v2\/types\/page"}],"author":[{"embeddable":true,"href":"https:\/\/foraxpert.com\/fr\/wp-json\/wp\/v2\/users\/1"}],"replies":[{"embeddable":true,"href":"https:\/\/foraxpert.com\/fr\/wp-json\/wp\/v2\/comments?post=1512"}],"version-history":[{"count":0,"href":"https:\/\/foraxpert.com\/fr\/wp-json\/wp\/v2\/pages\/1512\/revisions"}],"wp:attachment":[{"href":"https:\/\/foraxpert.com\/fr\/wp-json\/wp\/v2\/media?parent=1512"}],"curies":[{"name":"wp","href":"https:\/\/api.w.org\/{rel}","templated":true}]}}