{"id":1531,"date":"2020-11-07T14:57:47","date_gmt":"2020-11-07T13:57:47","guid":{"rendered":"http:\/\/test.buyhomeincalifornia.com\/products\/"},"modified":"2021-05-10T08:27:28","modified_gmt":"2021-05-10T12:27:28","slug":"produits","status":"publish","type":"page","link":"https:\/\/foraxpert.com\/fr\/produits\/","title":{"rendered":"Produits"},"content":{"rendered":"<h1>CATALOGUE DE PI\u00c8CES POUR FOREUSE FORAXPERT<\/h1>\n<div>Toutes les pi\u00e8ces ne sont pas promues dans le catalogue. Notre inventaire est vaste. Si vous recherchez une pi\u00e8ce sp\u00e9cifique, veuillez nous contacter. Foraxpert vous fournira rapidement les informations dont vous avez besoin pour acc\u00e9l\u00e9rer votre commande.<\/div>\n<div>\n<p>        <a href=\"\/fr\/produits\/fraxpert\/\"><img decoding=\"async\" data-src=\"\/wp-content\/uploads\/2020\/11\/atlascopco-off-c327e5704433938a7c8573d102075f73.jpg\" alt=\"\" src=\"data:image\/svg+xml;base64,PHN2ZyB3aWR0aD0iMSIgaGVpZ2h0PSIxIiB4bWxucz0iaHR0cDovL3d3dy53My5vcmcvMjAwMC9zdmciPjwvc3ZnPg==\" class=\"lazyload\" style=\"--smush-placeholder-width: 240px; --smush-placeholder-aspect-ratio: 240\/316;\"><\/a><\/p>\n<p>        <img decoding=\"async\" data-src=\"\/wp-content\/uploads\/2020\/11\/atlascopco-on-abdfd9af0cad6be7e721435f7f0b5e60.jpg\" alt=\"\" src=\"data:image\/svg+xml;base64,PHN2ZyB3aWR0aD0iMSIgaGVpZ2h0PSIxIiB4bWxucz0iaHR0cDovL3d3dy53My5vcmcvMjAwMC9zdmciPjwvc3ZnPg==\" class=\"lazyload\" style=\"--smush-placeholder-width: 240px; --smush-placeholder-aspect-ratio: 240\/316;\"><\/p>\n<h3>FORAXPERT<\/h3>\n<p>PI\u00c8CES POUR FOREUSE<\/p>\n<\/div>\n<div>\n<p>        <a href=\"\/fr\/produits\/tamrock-sandvik\/\"><img decoding=\"async\" data-src=\"\/wp-content\/uploads\/2020\/11\/tamrock-sandvik-off-0d7cb177b4491e9658c6a7d3f9f13fcd.jpg\" alt=\"\" src=\"data:image\/svg+xml;base64,PHN2ZyB3aWR0aD0iMSIgaGVpZ2h0PSIxIiB4bWxucz0iaHR0cDovL3d3dy53My5vcmcvMjAwMC9zdmciPjwvc3ZnPg==\" class=\"lazyload\" style=\"--smush-placeholder-width: 240px; --smush-placeholder-aspect-ratio: 240\/316;\"><\/a><\/p>\n<p>        <img decoding=\"async\" data-src=\"\/wp-content\/uploads\/2020\/11\/tamrock-sandvik-on-25afa0d97705ccf71c3aa14a49cbbd76.jpg\" alt=\"\" src=\"data:image\/svg+xml;base64,PHN2ZyB3aWR0aD0iMSIgaGVpZ2h0PSIxIiB4bWxucz0iaHR0cDovL3d3dy53My5vcmcvMjAwMC9zdmciPjwvc3ZnPg==\" class=\"lazyload\" style=\"--smush-placeholder-width: 240px; --smush-placeholder-aspect-ratio: 240\/316;\"><\/p>\n<h3>SANDVICK<\/h3>\n<p>PI\u00c8CES POUR FOREUSE<\/p>\n<\/div>\n<div>\n<p>        <a href=\"\/fr\/produits\/furukawa\/\"><img decoding=\"async\" data-src=\"\/wp-content\/uploads\/2020\/11\/furukawa-off-be8629b45207aba48f6cdb739a95c91c.jpg\" alt=\"\" src=\"data:image\/svg+xml;base64,PHN2ZyB3aWR0aD0iMSIgaGVpZ2h0PSIxIiB4bWxucz0iaHR0cDovL3d3dy53My5vcmcvMjAwMC9zdmciPjwvc3ZnPg==\" class=\"lazyload\" style=\"--smush-placeholder-width: 240px; --smush-placeholder-aspect-ratio: 240\/316;\"><\/a><\/p>\n<p>        <img decoding=\"async\" data-src=\"\/wp-content\/uploads\/2020\/11\/furukawa-on-79c3d9fe58d514d74bde41dc253f5669.jpg\" alt=\"\" src=\"data:image\/svg+xml;base64,PHN2ZyB3aWR0aD0iMSIgaGVpZ2h0PSIxIiB4bWxucz0iaHR0cDovL3d3dy53My5vcmcvMjAwMC9zdmciPjwvc3ZnPg==\" class=\"lazyload\" style=\"--smush-placeholder-width: 240px; --smush-placeholder-aspect-ratio: 240\/316;\"><\/p>\n<h3>FURUKAWA<\/h3>\n<p>PI\u00c8CES POUR FOREUSE<\/p>\n<\/div>\n<div>\n<p>        <a href=\"\/fr\/produits\/autres\/\"><img decoding=\"async\" data-src=\"\/wp-content\/uploads\/2020\/11\/best-seller-off-498192ad18f508505466058a1b20f26e.jpg\" alt=\"\" src=\"data:image\/svg+xml;base64,PHN2ZyB3aWR0aD0iMSIgaGVpZ2h0PSIxIiB4bWxucz0iaHR0cDovL3d3dy53My5vcmcvMjAwMC9zdmciPjwvc3ZnPg==\" class=\"lazyload\" style=\"--smush-placeholder-width: 240px; --smush-placeholder-aspect-ratio: 240\/316;\"><\/a><\/p>\n<p>        <img decoding=\"async\" data-src=\"\/wp-content\/uploads\/2020\/11\/best-seller-on-c4268547fd343f2063e82802302a3aaa.jpg\" alt=\"\" src=\"data:image\/svg+xml;base64,PHN2ZyB3aWR0aD0iMSIgaGVpZ2h0PSIxIiB4bWxucz0iaHR0cDovL3d3dy53My5vcmcvMjAwMC9zdmciPjwvc3ZnPg==\" class=\"lazyload\" style=\"--smush-placeholder-width: 240px; --smush-placeholder-aspect-ratio: 240\/316;\"><\/p>\n<h3>AUTRES<\/h3>\n<p>PI\u00c8CES POUR FOREUSE<\/p>\n<\/div>\n<div>T\u00e9l\u00e9charger la liste de pi\u00e8ces en format PDF<\/div>\n<p>\n    <a href=\"\/wp-content\/uploads\/2021\/01\/Foraxpert-ListePieces-20210107.pdf\">CATALOGUE FORAXPERT <\/a>\n<\/p>\n<p><!--more--><br \/>\n<!-- {\"name\":\"Products ALL (EN)\",\"type\":\"layout\",\"children\":[{\"type\":\"section\",\"props\":{\"style\":\"default\",\"width\":\"default\",\"vertical_align\":\"middle\",\"title_position\":\"top-left\",\"title_rotation\":\"left\",\"title_breakpoint\":\"xl\",\"image_position\":\"center-center\",\"image\":\"wp-content\\\/uploads\\\/2020\\\/11\\\/foraxpert_bg_breadcrumbs.jpg\",\"image_size\":\"cover\",\"padding\":\"xsmall\"},\"children\":[{\"type\":\"row\",\"props\":{\"layout\":\"2-3,1-3\"},\"children\":[{\"type\":\"column\",\"props\":{\"image_position\":\"center-center\",\"media_overlay_gradient\":\"\",\"width_medium\":\"2-3\",\"vertical_align\":\"middle\"},\"children\":[{\"type\":\"breadcrumbs\",\"props\":{\"show_home\":true,\"show_current\":true,\"css\":\".el-element{\\n  font-size: 16px;\\n}\"}}]},{\"type\":\"column\",\"props\":{\"image_position\":\"center-center\",\"media_overlay_gradient\":\"\",\"width_medium\":\"1-3\",\"vertical_align\":\"middle\"},\"children\":[{\"type\":\"search\",\"props\":{\"search_style\":\"\",\"search_icon\":\"right\",\"search_size\":\"large\",\"maxwidth\":\"large\",\"block_align\":\"center\"},\"modified\":\"2021-05-10T11:45:14.853Z\",\"name\":\"Search\"}]}]}],\"modified\":\"2020-12-08T15:28:40.122Z\",\"name\":\"Page header BC and Search (EN)\"},{\"type\":\"section\",\"props\":{\"style\":\"default\",\"width\":\"default\",\"vertical_align\":\"middle\",\"title_position\":\"top-left\",\"title_rotation\":\"left\",\"title_breakpoint\":\"xl\",\"image_position\":\"center-center\"},\"children\":[{\"type\":\"row\",\"children\":[{\"type\":\"column\",\"props\":{\"image_position\":\"center-center\",\"media_overlay_gradient\":\"\"},\"children\":[{\"type\":\"headline\",\"props\":{\"title_element\":\"h1\",\"content\":\"CATALOGUE DE PI\\u00c8CES POUR FOREUSE FORAXPERT\"}},{\"type\":\"text\",\"props\":{\"margin\":\"default\",\"column_breakpoint\":\"m\",\"content\":\"Toutes les pi\\u00e8ces ne sont pas promues dans le catalogue. Notre inventaire est vaste. Si vous recherchez une pi\\u00e8ce sp\\u00e9cifique, veuillez nous contacter. Foraxpert vous fournira rapidement les informations dont vous avez besoin pour acc\\u00e9l\\u00e9rer votre commande.\"}}]}],\"props\":{\"width\":\"small\"}},{\"type\":\"row\",\"props\":{\"layout\":\"1-4,1-4,1-4,1-4|1-2,1-2,1-2,1-2\",\"column_gap\":\"collapse\",\"margin_remove_bottom\":false,\"width\":\"small\"},\"children\":[{\"type\":\"column\",\"props\":{\"image_position\":\"center-center\",\"media_overlay_gradient\":\"\",\"width_medium\":\"1-4\",\"width_small\":\"1-2\"},\"children\":[{\"type\":\"overlay\",\"props\":{\"link_text\":\"\",\"overlay_mode\":\"cover\",\"overlay_hover\":true,\"overlay_style\":\"overlay-primary\",\"text_color\":\"light\",\"overlay_position\":\"center\",\"overlay_transition\":\"fade\",\"title_hover_style\":\"reset\",\"title_element\":\"h3\",\"meta_style\":\"meta\",\"meta_align\":\"below-title\",\"meta_element\":\"div\",\"link_style\":\"default\",\"text_align\":\"center\",\"margin\":\"default\",\"image\":\"wp-content\\\/uploads\\\/2020\\\/11\\\/atlascopco-off-c327e5704433938a7c8573d102075f73.jpg\",\"hover_image\":\"wp-content\\\/uploads\\\/2020\\\/11\\\/atlascopco-on-abdfd9af0cad6be7e721435f7f0b5e60.jpg\",\"title\":\"FORAXPERT\",\"link\":\"fr\\\/produits\\\/fraxpert\\\/\",\"overlay_transition_background\":true,\"title_style\":\"h3\",\"overlay_link\":true,\"css\":\".el-title{\\n  font-size: 21px; \\n}\",\"id\":\"cat-foraxpert1\",\"meta\":\"PI\\u00c8CES POUR FOREUSE\",\"meta_margin\":\"remove\",\"meta_color\":\"emphasis\"}}]},{\"type\":\"column\",\"props\":{\"image_position\":\"center-center\",\"media_overlay_gradient\":\"\",\"width_medium\":\"1-4\",\"width_small\":\"1-2\"},\"children\":[{\"type\":\"overlay\",\"props\":{\"link_text\":\"\",\"overlay_mode\":\"cover\",\"overlay_hover\":true,\"overlay_style\":\"overlay-primary\",\"text_color\":\"light\",\"overlay_position\":\"center\",\"overlay_transition\":\"fade\",\"title_hover_style\":\"reset\",\"title_element\":\"h3\",\"meta_style\":\"meta\",\"meta_align\":\"below-title\",\"meta_element\":\"div\",\"link_style\":\"default\",\"text_align\":\"center\",\"margin\":\"default\",\"image\":\"wp-content\\\/uploads\\\/2020\\\/11\\\/tamrock-sandvik-off-0d7cb177b4491e9658c6a7d3f9f13fcd.jpg\",\"hover_image\":\"wp-content\\\/uploads\\\/2020\\\/11\\\/tamrock-sandvik-on-25afa0d97705ccf71c3aa14a49cbbd76.jpg\",\"title\":\"SANDVICK\",\"link\":\"fr\\\/produits\\\/tamrock-sandvik\\\/\",\"overlay_transition_background\":true,\"title_style\":\"h3\",\"overlay_link\":true,\"css\":\".el-title{\\n  font-size: 21px;\\n}\",\"id\":\"ct-tamrock\",\"meta\":\"PI\\u00c8CES POUR FOREUSE\",\"meta_color\":\"emphasis\",\"meta_margin\":\"remove\"}}]},{\"type\":\"column\",\"props\":{\"image_position\":\"center-center\",\"media_overlay_gradient\":\"\",\"width_medium\":\"1-4\",\"width_small\":\"1-2\"},\"children\":[{\"type\":\"overlay\",\"props\":{\"link_text\":\"\",\"overlay_mode\":\"cover\",\"overlay_hover\":true,\"overlay_style\":\"overlay-primary\",\"text_color\":\"light\",\"overlay_position\":\"center\",\"overlay_transition\":\"fade\",\"title_hover_style\":\"reset\",\"title_element\":\"h3\",\"meta_style\":\"meta\",\"meta_align\":\"below-title\",\"meta_element\":\"div\",\"link_style\":\"default\",\"text_align\":\"center\",\"margin\":\"default\",\"image\":\"wp-content\\\/uploads\\\/2020\\\/11\\\/furukawa-off-be8629b45207aba48f6cdb739a95c91c.jpg\",\"hover_image\":\"wp-content\\\/uploads\\\/2020\\\/11\\\/furukawa-on-79c3d9fe58d514d74bde41dc253f5669.jpg\",\"title\":\"FURUKAWA\",\"link\":\"fr\\\/produits\\\/furukawa\\\/\",\"overlay_transition_background\":true,\"title_style\":\"h3\",\"overlay_link\":true,\"css\":\".el-title{\\n  font-size: 21px;\\n}\",\"id\":\"ct-furukawa\",\"meta\":\"PI\\u00c8CES POUR FOREUSE\",\"meta_color\":\"emphasis\",\"meta_margin\":\"remove\"}}]},{\"type\":\"column\",\"props\":{\"image_position\":\"center-center\",\"media_overlay_gradient\":\"\",\"width_medium\":\"1-4\",\"width_small\":\"1-2\"},\"children\":[{\"type\":\"overlay\",\"props\":{\"link_text\":\"\",\"overlay_mode\":\"cover\",\"overlay_hover\":true,\"overlay_style\":\"overlay-primary\",\"text_color\":\"light\",\"overlay_position\":\"center\",\"overlay_transition\":\"fade\",\"title_hover_style\":\"reset\",\"title_element\":\"h3\",\"meta_style\":\"meta\",\"meta_align\":\"below-title\",\"meta_element\":\"div\",\"link_style\":\"default\",\"text_align\":\"center\",\"margin\":\"default\",\"image\":\"wp-content\\\/uploads\\\/2020\\\/11\\\/best-seller-off-498192ad18f508505466058a1b20f26e.jpg\",\"hover_image\":\"wp-content\\\/uploads\\\/2020\\\/11\\\/best-seller-on-c4268547fd343f2063e82802302a3aaa.jpg\",\"title\":\"AUTRES\",\"link\":\"fr\\\/produits\\\/autres\\\/\",\"overlay_transition_background\":true,\"title_style\":\"h3\",\"overlay_link\":true,\"css\":\".el-title{\\n  font-size: 21px;\\n}\",\"id\":\"ct-other\",\"meta\":\"PI\\u00c8CES POUR FOREUSE\",\"meta_color\":\"emphasis\",\"meta_margin\":\"remove\"}}]}]},{\"type\":\"row\",\"props\":{\"width\":\"xsmall\"},\"children\":[{\"type\":\"column\",\"props\":{\"image_position\":\"center-center\",\"media_overlay_gradient\":\"\"},\"children\":[{\"type\":\"text\",\"props\":{\"margin\":\"default\",\"column_breakpoint\":\"m\",\"content\":\"T\\u00e9l\\u00e9charger la liste de pi\\u00e8ces en format PDF\",\"text_align\":\"center\"}},{\"type\":\"button\",\"props\":{\"grid_column_gap\":\"small\",\"grid_row_gap\":\"small\",\"margin\":\"default\",\"text_align\":\"center\"},\"children\":[{\"type\":\"button_item\",\"props\":{\"button_style\":\"default\",\"icon_align\":\"left\",\"content\":\"CATALOGUE FORAXPERT \",\"link\":\"wp-content\\\/uploads\\\/2021\\\/01\\\/Foraxpert-ListePieces-20210107.pdf\",\"icon\":\"file-pdf\"}}]}]}]}]}],\"version\":\"2.4.14\"} --><\/p>\n","protected":false},"excerpt":{"rendered":"<p>CATALOGUE DE PI\u00c8CES POUR FOREUSE FORAXPERT Toutes les pi\u00e8ces ne sont pas promues dans le catalogue. Notre inventaire est vaste. Si vous recherchez une pi\u00e8ce sp\u00e9cifique, veuillez nous contacter. Foraxpert vous fournira rapidement les informations dont vous avez besoin pour acc\u00e9l\u00e9rer votre commande. FORAXPERT PI\u00c8CES POUR FOREUSE SANDVICK PI\u00c8CES POUR FOREUSE FURUKAWA PI\u00c8CES POUR FOREUSE [&hellip;]<\/p>\n","protected":false},"author":1,"featured_media":0,"parent":0,"menu_order":0,"comment_status":"closed","ping_status":"closed","template":"","meta":{"footnotes":""},"class_list":["post-1531","page","type-page","status-publish","hentry"],"_links":{"self":[{"href":"https:\/\/foraxpert.com\/fr\/wp-json\/wp\/v2\/pages\/1531","targetHints":{"allow":["GET"]}}],"collection":[{"href":"https:\/\/foraxpert.com\/fr\/wp-json\/wp\/v2\/pages"}],"about":[{"href":"https:\/\/foraxpert.com\/fr\/wp-json\/wp\/v2\/types\/page"}],"author":[{"embeddable":true,"href":"https:\/\/foraxpert.com\/fr\/wp-json\/wp\/v2\/users\/1"}],"replies":[{"embeddable":true,"href":"https:\/\/foraxpert.com\/fr\/wp-json\/wp\/v2\/comments?post=1531"}],"version-history":[{"count":0,"href":"https:\/\/foraxpert.com\/fr\/wp-json\/wp\/v2\/pages\/1531\/revisions"}],"wp:attachment":[{"href":"https:\/\/foraxpert.com\/fr\/wp-json\/wp\/v2\/media?parent=1531"}],"curies":[{"name":"wp","href":"https:\/\/api.w.org\/{rel}","templated":true}]}}